{"id":1206,"date":"2024-05-13T07:20:24","date_gmt":"2024-05-13T07:20:24","guid":{"rendered":"https:\/\/demo.bravisthemes.com\/festiva\/?page_id=1206"},"modified":"2025-10-07T09:08:12","modified_gmt":"2025-10-07T09:08:12","slug":"prezentare-nava","status":"publish","type":"page","link":"https:\/\/mondialbeauty.academy\/it\/prezentare-nava\/","title":{"rendered":"Presentazione della nave"},"content":{"rendered":"<div data-elementor-type=\"wp-page\" data-elementor-id=\"1206\" class=\"elementor elementor-1206\">\n\t\t\t\t        <section class=\"elementor-section elementor-top-section elementor-element elementor-element-b12d542 elementor-section-stretched elementor-section-boxed elementor-section-height-default elementor-section-height-default pxl-row-scroll-none pxl-section-overflow-visible pxl-bg-color-none pxl-section-overlay-none\" data-id=\"b12d542\" data-element_type=\"section\" data-e-type=\"section\" data-settings=\"{&quot;stretch_section&quot;:&quot;section-stretched&quot;,&quot;background_background&quot;:&quot;gradient&quot;}\">\n\n                            <div class=\"elementor-background-overlay\"><\/div>\n            \n                <div class=\"elementor-container elementor-column-gap-extended\">\n                <div class=\"elementor-column elementor-col-50 elementor-top-column elementor-element elementor-element-4df6e3b pxl-column-none pxl-column-overflow-hidden-no\" data-id=\"4df6e3b\" data-element_type=\"column\" data-e-type=\"column\">\r\n        <div class=\"elementor-widget-wrap elementor-element-populated\">\r\n                     \r\n        \t\t<div class=\"elementor-element elementor-element-b8c83bc elementor-widget elementor-widget-pxl_heading\" data-id=\"b8c83bc\" data-element_type=\"widget\" data-e-type=\"widget\" data-widget_type=\"pxl_heading.default\">\n\t\t\t\t<div class=\"elementor-widget-container\">\n\t\t\t\t\t<div id=\"pxl-pxl_heading-b8c83bc-2034\" class=\"pxl-heading pxl-heading--tcustom\">\n\t<div class=\"pxl-heading--inner\">\n\n\t\t\n\t<h3 class=\"pxl-item--title   pxl-color-custom wow fadeInUp\" data-wow-delay=\"ms\">\n\n\n\tPRESENTAZIONE DELLA NAVE\t\t\t\n\t<\/h3>\n\n<\/div>\n<\/div>\t\t\t\t<\/div>\n\t\t\t\t<\/div>\n\t\t\t\t<div class=\"elementor-element elementor-element-1305743 elementor-widget elementor-widget-pxl_heading\" data-id=\"1305743\" data-element_type=\"widget\" data-e-type=\"widget\" data-widget_type=\"pxl_heading.default\">\n\t\t\t\t<div class=\"elementor-widget-container\">\n\t\t\t\t\t<div id=\"pxl-pxl_heading-1305743-9215\" class=\"pxl-heading pxl-heading--tcustom\">\n\t<div class=\"pxl-heading--inner\">\n\n\t\t\n\t<h1 class=\"pxl-item--title   pxl-color-custom wow fadeInUp\" data-wow-delay=\"ms\">\n\n\n\tEsplorate la nave dove si terr\u00e0 l'evento\t\t\t\n\t<\/h1>\n\n<\/div>\n<\/div>\t\t\t\t<\/div>\n\t\t\t\t<\/div>\n\t\t            <\/div>\r\n        <\/div>\r\n                <div class=\"elementor-column elementor-col-50 elementor-top-column elementor-element elementor-element-e9d5a2e pxl-column-none pxl-column-overflow-hidden-no\" data-id=\"e9d5a2e\" data-element_type=\"column\" data-e-type=\"column\">\r\n        <div class=\"elementor-widget-wrap elementor-element-populated\">\r\n                     \r\n        \t\t<div class=\"elementor-element elementor-element-f95e382 elementor-widget elementor-widget-pxl_list\" data-id=\"f95e382\" data-element_type=\"widget\" data-e-type=\"widget\" data-widget_type=\"pxl_list.default\">\n\t\t\t\t<div class=\"elementor-widget-container\">\n\t\t\t\t\t<div class=\"pxl-list pxl-list1 type-vertical wow fadeInUp\" data-wow-delay=\"300ms\">\r\n    <div class=\"pxl--title\"> <\/div>\r\n    \r\n\r\n        <div class=\"pxl--item\">\r\n            <a >\r\n                                    <div class=\"pxl-item--icon pxl-mr-10 style-1\">\r\n                        <svg xmlns=\"http:\/\/www.w3.org\/2000\/svg\" width=\"37\" height=\"37\" viewbox=\"0 0 37 37\" fill=\"none\"><g id=\"calendar 1\"><path id=\"Vector\" d=\"M31.8653 35.338H5.13168C3.38573 35.338 1.96484 33.9171 1.96484 32.1706V7.67997C1.96484 5.93346 3.38573 4.51257 5.13168 4.51257H31.8653C33.6112 4.51257 35.0321 5.93346 35.0321 7.67997V32.1706C35.0321 33.9171 33.6112 35.338 31.8653 35.338ZM5.13168 6.19396C4.31284 6.19396 3.64623 6.86057 3.64623 7.67997V32.1706C3.64623 32.99 4.31284 33.6566 5.13168 33.6566H31.8653C32.6841 33.6566 33.3507 32.99 33.3507 32.1706V7.67997C33.3507 6.86057 32.6841 6.19396 31.8653 6.19396H5.13168Z\" fill=\"white\"><\/path><path id=\"Vector_2\" d=\"M34.1914 12.9195H2.80554C2.34136 12.9195 1.96484 12.543 1.96484 12.0788C1.96484 11.6146 2.34136 11.2381 2.80554 11.2381H34.1914C34.6556 11.2381 35.0321 11.6146 35.0321 12.0788C35.0321 12.543 34.6556 12.9195 34.1914 12.9195Z\" fill=\"white\"><\/path><path id=\"Vector_3\" d=\"M18.5008 8.43583C18.0367 8.43583 17.6602 8.05931 17.6602 7.59514V3.11144C17.6602 2.64727 18.0367 2.27075 18.5008 2.27075C18.965 2.27075 19.3415 2.64727 19.3415 3.11144V7.59514C19.3415 8.05931 18.965 8.43583 18.5008 8.43583Z\" fill=\"white\"><\/path><path id=\"Vector_4\" d=\"M7.28991 8.43583C6.82574 8.43583 6.44922 8.05931 6.44922 7.59514V3.11144C6.44922 2.64727 6.82574 2.27075 7.28991 2.27075C7.75409 2.27075 8.1306 2.64727 8.1306 3.11144V7.59514C8.1306 8.05931 7.75409 8.43583 7.28991 8.43583Z\" fill=\"white\"><\/path><path id=\"Vector_5\" d=\"M29.7079 8.43583C29.2437 8.43583 28.8672 8.05931 28.8672 7.59514V3.11144C28.8672 2.64727 29.2437 2.27075 29.7079 2.27075C30.1721 2.27075 30.5486 2.64727 30.5486 3.11144V7.59514C30.5486 8.05931 30.1721 8.43583 29.7079 8.43583Z\" fill=\"white\"><\/path><path id=\"Vector_6\" d=\"M11.7736 21.8869H7.28991C6.82574 21.8869 6.44922 21.5104 6.44922 21.0462V16.5625C6.44922 16.0983 6.82574 15.7218 7.28991 15.7218H11.7736C12.2378 15.7218 12.6143 16.0983 12.6143 16.5625V21.0462C12.6143 21.5104 12.2378 21.8869 11.7736 21.8869ZM8.1306 20.2055H10.9329V17.4032H8.1306V20.2055Z\" fill=\"white\"><\/path><path id=\"Vector_7\" d=\"M20.7404 21.8869H16.2567C15.7925 21.8869 15.416 21.5104 15.416 21.0462V16.5625C15.416 16.0983 15.7925 15.7218 16.2567 15.7218H20.7404C21.2046 15.7218 21.5811 16.0983 21.5811 16.5625V21.0462C21.5811 21.5104 21.2046 21.8869 20.7404 21.8869ZM17.0974 20.2055H19.8997V17.4032H17.0974V20.2055Z\" fill=\"white\"><\/path><path id=\"Vector_8\" d=\"M29.7092 21.8869H25.2255C24.7613 21.8869 24.3848 21.5104 24.3848 21.0462V16.5625C24.3848 16.0983 24.7613 15.7218 25.2255 15.7218H29.7092C30.1733 15.7218 30.5498 16.0983 30.5498 16.5625V21.0462C30.5498 21.5104 30.1733 21.8869 29.7092 21.8869ZM26.0662 20.2055H28.8685V17.4032H26.0662V20.2055Z\" fill=\"white\"><\/path><path id=\"Vector_9\" d=\"M11.7736 30.8543H7.28991C6.82574 30.8543 6.44922 30.4778 6.44922 30.0136V25.5299C6.44922 25.0657 6.82574 24.6892 7.28991 24.6892H11.7736C12.2378 24.6892 12.6143 25.0657 12.6143 25.5299V30.0136C12.6143 30.4778 12.2378 30.8543 11.7736 30.8543ZM8.1306 29.1729H10.9329V26.3706H8.1306V29.1729Z\" fill=\"white\"><\/path><path id=\"Vector_10\" d=\"M20.7404 30.8543H16.2567C15.7925 30.8543 15.416 30.4778 15.416 30.0136V25.5299C15.416 25.0657 15.7925 24.6892 16.2567 24.6892H20.7404C21.2046 24.6892 21.5811 25.0657 21.5811 25.5299V30.0136C21.5811 30.4778 21.2046 30.8543 20.7404 30.8543ZM17.0974 29.1729H19.8997V26.3706H17.0974V29.1729Z\" fill=\"white\"><\/path><path id=\"Vector_11\" d=\"M29.7092 30.8543H25.2255C24.7613 30.8543 24.3848 30.4778 24.3848 30.0136V25.5299C24.3848 25.0657 24.7613 24.6892 25.2255 24.6892H29.7092C30.1733 24.6892 30.5498 25.0657 30.5498 25.5299V30.0136C30.5498 30.4778 30.1733 30.8543 29.7092 30.8543ZM26.0662 29.1729H28.8685V26.3706H26.0662V29.1729Z\" fill=\"white\"><\/path><\/g><\/svg>                    <\/div>\r\n                                <div class=\"pxl-item--text  el-empty\">\r\n                    <div class=\"pxl-item-text\">\r\n                       04 - 11 luglio 2026                   <\/div>\r\n                   <div class=\"pxl-sub-text\">\r\n                    Quando?                <\/div>\r\n            <\/div>\r\n        <\/a>\r\n    <\/div>\r\n<\/div>\r\n\t\t\t\t<\/div>\n\t\t\t\t<\/div>\n\t\t\t\t<div class=\"elementor-element elementor-element-38715c6 elementor-widget elementor-widget-pxl_list\" data-id=\"38715c6\" data-element_type=\"widget\" data-e-type=\"widget\" data-widget_type=\"pxl_list.default\">\n\t\t\t\t<div class=\"elementor-widget-container\">\n\t\t\t\t\t<div class=\"pxl-list pxl-list1 type-vertical wow fadeInUp\" data-wow-delay=\"300ms\">\r\n    <div class=\"pxl--title\"> <\/div>\r\n    \r\n\r\n        <div class=\"pxl--item\">\r\n            <a >\r\n                                    <div class=\"pxl-item--icon pxl-mr-10 style-1\">\r\n                        <i aria-hidden=\"true\" class=\"flaticon flaticon-visit\"><\/i>                    <\/div>\r\n                                <div class=\"pxl-item--text  el-empty\">\r\n                    <div class=\"pxl-item-text\">\r\n                       Crociera nell'Adriatico                   <\/div>\r\n                   <div class=\"pxl-sub-text\">\r\n                    Dove?                <\/div>\r\n            <\/div>\r\n        <\/a>\r\n    <\/div>\r\n<\/div>\r\n\t\t\t\t<\/div>\n\t\t\t\t<\/div>\n\t\t            <\/div>\r\n        <\/div>\r\n        \t\t\t<\/div>\n\t\t<\/section>\n\t\t<div class=\"elementor-element elementor-element-5145916 e-con-full e-flex e-con e-parent\" data-id=\"5145916\" data-element_type=\"container\" data-e-type=\"container\">\t\t<div class=\"elementor-element elementor-element-f08de66 elementor-widget elementor-widget-video\" data-id=\"f08de66\" data-element_type=\"widget\" data-e-type=\"widget\" data-settings=\"{&quot;youtube_url&quot;:&quot;https:\\\/\\\/youtu.be\\\/OjtYwzKeGJo?si=bnO-ERTa5h6SlClw&quot;,&quot;video_type&quot;:&quot;youtube&quot;,&quot;controls&quot;:&quot;yes&quot;}\" data-widget_type=\"video.default\">\n\t\t\t\t\t\t\t<div class=\"elementor-wrapper elementor-open-inline\">\n\t\t\t<div class=\"elementor-video\"><\/div>\t\t<\/div>\n\t\t\t\t\t\t<\/div>\n\t\t\t\t<\/div>\r\n\t\t\t\t<\/div>","protected":false},"excerpt":{"rendered":"<p>PREZENTARE NAV\u0102 Exploreaz\u0103 nava unde va fi evenimentul Iulie 04 &#8211; 11, 2026 C\u00e2nd? Croazier\u0103 pe Marea Adriatic\u0103 Unde?<\/p>","protected":false},"author":1,"featured_media":0,"parent":0,"menu_order":0,"comment_status":"closed","ping_status":"closed","template":"","meta":{"footnotes":""},"class_list":["post-1206","page","type-page","status-publish","hentry"],"_links":{"self":[{"href":"https:\/\/mondialbeauty.academy\/it\/wp-json\/wp\/v2\/pages\/1206","targetHints":{"allow":["GET"]}}],"collection":[{"href":"https:\/\/mondialbeauty.academy\/it\/wp-json\/wp\/v2\/pages"}],"about":[{"href":"https:\/\/mondialbeauty.academy\/it\/wp-json\/wp\/v2\/types\/page"}],"author":[{"embeddable":true,"href":"https:\/\/mondialbeauty.academy\/it\/wp-json\/wp\/v2\/users\/1"}],"replies":[{"embeddable":true,"href":"https:\/\/mondialbeauty.academy\/it\/wp-json\/wp\/v2\/comments?post=1206"}],"version-history":[{"count":9,"href":"https:\/\/mondialbeauty.academy\/it\/wp-json\/wp\/v2\/pages\/1206\/revisions"}],"predecessor-version":[{"id":16496,"href":"https:\/\/mondialbeauty.academy\/it\/wp-json\/wp\/v2\/pages\/1206\/revisions\/16496"}],"wp:attachment":[{"href":"https:\/\/mondialbeauty.academy\/it\/wp-json\/wp\/v2\/media?parent=1206"}],"curies":[{"name":"wp","href":"https:\/\/api.w.org\/{rel}","templated":true}]}}