{"id":16274,"date":"2025-09-16T14:24:25","date_gmt":"2025-09-16T14:24:25","guid":{"rendered":"https:\/\/mondialbeauty.academy\/?post_type=product&#038;p=16274"},"modified":"2025-09-16T14:27:03","modified_gmt":"2025-09-16T14:27:03","slug":"bilet-mondial-beauty-campus-campionato-online-2026","status":"publish","type":"product","link":"https:\/\/mondialbeauty.academy\/it\/product\/bilet-mondial-beauty-campus-campionato-online-2026\/","title":{"rendered":"Biglietto per il World Beauty Campus &amp; Online Championship 2026"},"content":{"rendered":"<p>Preparatevi al pi\u00f9 grandioso evento dedicato ai lash artist e ai professionisti della bellezza, dove eleganza, creativit\u00e0 e performance si incontrano su una nave da crociera sul Mare Adriatico<\/p>\n<p>Questa non \u00e8 solo una conferenza, \u00e8 un campus, un'esperienza memorabile che combina l'ispirazione con l'apprendimento, la competizione con il divertimento e il relax.<\/p>\n<p>\ud83c\udf1f Cosa vi aspetta:<br \/>\nElite Campus - Relatori dimostrativi di fama nazionale e internazionale vi guideranno attraverso le ultime tecniche, le tendenze e i segreti nel mondo dell'Estensione Ciglia, della Laminazione Ciglia e Sopracciglia, dell'Acconciatura, del Piercing, della Nails-Art, della Pmu, del Make-up, dell'Estetica Avanzata.Imparate a portare la vostra passione al livello successivo e a brillare nel settore!<\/p>\n<p>\ud83c\udfc6 Campionato online - Un'occasione unica per mostrare il proprio talento e ottenere riconoscimenti. Partecipa alla competizione e diventa la leggenda della prossima generazione di professionisti!<br \/>\n-Classico 1D<br \/>\n-Volume 2D-3D<br \/>\n-volume 4D-8D<br \/>\n-volume 8D-12D<br \/>\n-YY 0,05 0,07<br \/>\n-3W 0,05 0,07 3D - 4D -5D-6D<br \/>\n-Laminazione genica<br \/>\n-Sopracciglia laccate<br \/>\n-Henna acconciatura delle sopracciglia\/<br \/>\nvernice<br \/>\n-Tema nail art a scelta<br \/>\n-Tema del mare a colori fantasy<br \/>\n-Sopracciglia - Eyeliner<br \/>\n-Tema di trucco a scelta<br \/>\n- Colpi di capelli PMU<br \/>\n-Microblading<\/p>\n<p>\ud83c\udf1f Premio Regina Suprema \ud83c\udf1f<\/p>\n<p>Solo una Regina Suprema salir\u00e0 sul podio pi\u00f9 alto dell'eccellenza e porter\u00e0 il titolo di Regina Suprema \ud83d\udc51 .<\/p>\n<p>Questa distinzione unica porta con s\u00e9 non solo riconoscimento e prestigio, ma anche un regalo impareggiabile: una vacanza da sogno a Dubai, la citt\u00e0 che ridefinisce il lusso, la raffinatezza e lo sfarzo internazionale. \u2728<\/p>\n<p>Pronti a conquistare la corona definitiva? \ud83d\udc51\ud83d\udcab<\/p>\n<p>Sperimentate esclusive sessioni pratiche, guidate dai migliori trainer. Perfezionate la vostra tecnica, scoprite nuovi prodotti e imparate a creare lavori impeccabili e veloci.<\/p>\n<p>\ud83c\udf1f Perch\u00e9 partecipare al MONDIAL BEAUTY CAMPIONATO ONLINE 2026?<br \/>\n-Per far parte di una comunit\u00e0 esclusiva di professionisti e appassionati di bellezza.<br \/>\n-Imparare dai migliori del settore e tenersi aggiornati sulle ultime tendenze.<br \/>\n-Scoprire prodotti innovativi e ricevere consigli pratici direttamente dagli esperti.<br \/>\n-Per creare ricordi indimenticabili in un ambiente spettacolare ed elegante con i colleghi dell'industria della bellezza e, non da ultimo, con la famiglia e gli amici \ud83d\udc6c\ud83d\udc69\u200d\u2764\ufe0f\u200d\ud83d\udc69<\/p>\n<p>\u203c\ufe0fLocurile sono limitati! Non perdete questa opportunit\u00e0 unica di partecipare all'evento che ridefinisce l'eccellenza nella bellezza. Prenotate il vostro biglietto fino al 31.10.2025 e lasciate che il vostro talento risplenda sulla nave da crociera.<\/p>\n<p>Italia, Grecia<br \/>\nPorto d'imbarco<br \/>\nVenezia - Marghera, Italia<br \/>\nDurata della crociera<br \/>\n8 giorni, 7 notti<\/p>\n<p>Prezzo del biglietto 1750\u20ac tutto compreso +2 nomination a scelta<\/p>","protected":false},"excerpt":{"rendered":"<p>Preparatevi al pi\u00f9 grandioso evento dedicato ai lash artist e ai professionisti della bellezza, dove eleganza, creativit\u00e0 e performance si incontrano su una nave da crociera sul Mare Adriatico<\/p>","protected":false},"featured_media":16275,"comment_status":"open","ping_status":"closed","template":"","meta":[],"product_brand":[],"product_cat":[16],"product_tag":[],"class_list":{"0":"post-16274","1":"product","2":"type-product","3":"status-publish","4":"has-post-thumbnail","6":"product_cat-bilete","8":"first","9":"instock","10":"virtual","11":"purchasable","12":"product-type-simple"},"_links":{"self":[{"href":"https:\/\/mondialbeauty.academy\/it\/wp-json\/wp\/v2\/product\/16274","targetHints":{"allow":["GET"]}}],"collection":[{"href":"https:\/\/mondialbeauty.academy\/it\/wp-json\/wp\/v2\/product"}],"about":[{"href":"https:\/\/mondialbeauty.academy\/it\/wp-json\/wp\/v2\/types\/product"}],"replies":[{"embeddable":true,"href":"https:\/\/mondialbeauty.academy\/it\/wp-json\/wp\/v2\/comments?post=16274"}],"version-history":[{"count":0,"href":"https:\/\/mondialbeauty.academy\/it\/wp-json\/wp\/v2\/product\/16274\/revisions"}],"wp:featuredmedia":[{"embeddable":true,"href":"https:\/\/mondialbeauty.academy\/it\/wp-json\/wp\/v2\/media\/16275"}],"wp:attachment":[{"href":"https:\/\/mondialbeauty.academy\/it\/wp-json\/wp\/v2\/media?parent=16274"}],"wp:term":[{"taxonomy":"product_brand","embeddable":true,"href":"https:\/\/mondialbeauty.academy\/it\/wp-json\/wp\/v2\/product_brand?post=16274"},{"taxonomy":"product_cat","embeddable":true,"href":"https:\/\/mondialbeauty.academy\/it\/wp-json\/wp\/v2\/product_cat?post=16274"},{"taxonomy":"product_tag","embeddable":true,"href":"https:\/\/mondialbeauty.academy\/it\/wp-json\/wp\/v2\/product_tag?post=16274"}],"curies":[{"name":"wp","href":"https:\/\/api.w.org\/{rel}","templated":true}]}}